{"id":1105,"date":"2022-05-03T15:16:40","date_gmt":"2022-05-03T13:16:40","guid":{"rendered":"https:\/\/grimeton.org\/tours\/"},"modified":"2026-03-27T12:33:40","modified_gmt":"2026-03-27T11:33:40","slug":"tours","status":"publish","type":"page","link":"https:\/\/grimeton.org\/en\/tours\/","title":{"rendered":"Tours"},"content":{"rendered":"<p>[et_pb_section fb_built=&#8221;1&#8243; _builder_version=&#8221;4.17.4&#8243; _module_preset=&#8221;5f32c233-df6c-4df3-aea5-81915d00b1c3&#8243; background_image=&#8221;https:\/\/grimeton.org\/wp-content\/uploads\/2022\/06\/Teknisk-visning-1.jpg&#8221; global_colors_info=&#8221;{}&#8221;][et_pb_row _builder_version=&#8221;4.17.0&#8243; _module_preset=&#8221;4a78af92-e700-4852-bfbd-700e0d505a83&#8243; global_colors_info=&#8221;{}&#8221;][et_pb_column type=&#8221;4_4&#8243; _builder_version=&#8221;4.16&#8243; custom_padding=&#8221;|||&#8221; global_colors_info=&#8221;{}&#8221; custom_padding__hover=&#8221;|||&#8221;][et_pb_text _builder_version=&#8221;4.17.0&#8243; _module_preset=&#8221;46e41622-7e6c-49a7-b3f6-7c2d47f3e6b4&#8243; global_colors_info=&#8221;{}&#8221;]<\/p>\n<h1>Tours<\/h1>\n<p>[\/et_pb_text][\/et_pb_column][\/et_pb_row][\/et_pb_section][et_pb_section fb_built=&#8221;1&#8243; _builder_version=&#8221;4.17.0&#8243; _module_preset=&#8221;default&#8221; global_colors_info=&#8221;{}&#8221;][et_pb_row _builder_version=&#8221;4.17.0&#8243; _module_preset=&#8221;default&#8221; custom_padding=&#8221;20px||20px||false|false&#8221; global_colors_info=&#8221;{}&#8221;][et_pb_column type=&#8221;4_4&#8243; _builder_version=&#8221;4.17.0&#8243; _module_preset=&#8221;default&#8221; global_colors_info=&#8221;{}&#8221;][et_pb_text _builder_version=&#8221;4.17.0&#8243; _module_preset=&#8221;4e5c2599-74f6-489a-a6d9-ea497a5a2cc0&#8243; global_colors_info=&#8221;{}&#8221;]Discover Grimeton Radio Station on a guided tour! You can buy your ticket at any time in the World Heritage Site\u2019s digital ticket shop, or on site at the visitor centre during regular opening hours. Since tours have a limited number of participants, we recommend buying your ticket in advance to secure a reserved spot. You can also experience the World Heritage Site with your own guide by booking a group visit. [\/et_pb_text][\/et_pb_column][\/et_pb_row][\/et_pb_section][et_pb_section fb_built=&#8221;1&#8243; module_id=&#8221;dagskiftet&#8221; _builder_version=&#8221;4.17.0&#8243; _module_preset=&#8221;default&#8221; background_color=&#8221;rgba(187,129,51,0.15)&#8221; background_enable_image=&#8221;off&#8221; custom_margin=&#8221;10px||10px||true|false&#8221; custom_padding=&#8221;50px||50px||true|false&#8221; custom_padding_tablet=&#8221;50px||50px||true|false&#8221; custom_padding_phone=&#8221;25px||25px||true|false&#8221; global_colors_info=&#8221;{}&#8221;][et_pb_row column_structure=&#8221;3_5,2_5&#8243; _builder_version=&#8221;4.17.3&#8243; _module_preset=&#8221;default&#8221; max_width_tablet=&#8221;&#8221; max_width_phone=&#8221;&#8221; max_width_last_edited=&#8221;on|desktop&#8221; custom_padding=&#8221;10px||40px||false|false&#8221; global_colors_info=&#8221;{}&#8221;][et_pb_column type=&#8221;3_5&#8243; _builder_version=&#8221;4.17.0&#8243; _module_preset=&#8221;default&#8221; global_colors_info=&#8221;{}&#8221;][et_pb_text _builder_version=&#8221;4.17.0&#8243; _module_preset=&#8221;695deb55-72ac-4b84-95fd-3de7a073001a&#8221; text_text_color=&#8221;#3C3C3B&#8221; max_width=&#8221;650px&#8221; header_font_size_tablet=&#8221;&#8221; header_font_size_phone=&#8221;&#8221; header_font_size_last_edited=&#8221;on|desktop&#8221; global_colors_info=&#8221;{}&#8221;]<\/p>\n<h2>Day Shift<\/h2>\n<p>The Day Shift is a 40-minute tour with a guide, in which you learn more about Grimeton Radio Station and why it was added to the UNESCO World Heritage List in 2004.<\/p>\n<p>[\/et_pb_text][\/et_pb_column][et_pb_column type=&#8221;2_5&#8243; _builder_version=&#8221;4.17.0&#8243; _module_preset=&#8221;default&#8221; global_colors_info=&#8221;{}&#8221;][\/et_pb_column][\/et_pb_row][et_pb_row column_structure=&#8221;1_3,1_3,1_3&#8243; _builder_version=&#8221;4.27.6&#8243; _module_preset=&#8221;6919440f-7f6d-4e1b-a1dc-77d616f18352&#8243; width_last_edited=&#8221;off|desktop&#8221; hover_enabled=&#8221;0&#8243; global_colors_info=&#8221;{}&#8221; width__hover_enabled=&#8221;off|desktop&#8221; sticky_enabled=&#8221;0&#8243; module_alignment_last_edited=&#8221;on|tablet&#8221;][et_pb_column type=&#8221;1_3&#8243; _builder_version=&#8221;4.27.6&#8243; _module_preset=&#8221;6b7c2dde-a1a9-43d8-9bb0-1b49b483f16d&#8221; background_enable_color=&#8221;off&#8221; hover_enabled=&#8221;0&#8243; global_colors_info=&#8221;{}&#8221; title_text=&#8221;dagskiftet_visning_grimeton&#8221; background_image=&#8221;https:\/\/grimeton.org\/wp-content\/uploads\/2024\/02\/dagskiftet_visning_grimeton.png&#8221; sticky_enabled=&#8221;0&#8243;][et_pb_text _builder_version=&#8221;4.27.6&#8243; _module_preset=&#8221;482029db-dd8f-41e8-9e86-ae69f0f03889&#8243; min_height=&#8221;200px&#8221; hover_enabled=&#8221;0&#8243; sticky_enabled=&#8221;0&#8243;][\/et_pb_text][\/et_pb_column][et_pb_column type=&#8221;1_3&#8243; _builder_version=&#8221;4.27.6&#8243; _module_preset=&#8221;6b7c2dde-a1a9-43d8-9bb0-1b49b483f16d&#8221; hover_enabled=&#8221;0&#8243; global_colors_info=&#8221;{}&#8221; sticky_enabled=&#8221;0&#8243;][et_pb_text _builder_version=&#8221;4.17.0&#8243; _module_preset=&#8221;0c70b47c-f3c4-41f5-8900-863acc58aa6f&#8221; text_text_color=&#8221;#FFFFFF&#8221; global_colors_info=&#8221;{}&#8221;]<\/p>\n<h2>Good to know<\/h2>\n<p><strong> The ticket includes admission to the World Heritage Site.<\/strong><\/p>\n<p><strong>Number<br \/><\/strong>30 participants<\/p>\n<p><strong>Age<br \/><\/strong>Recommended minimum age is about 6 years. <\/p>\n<p><strong>Duration<br \/><\/strong>about 40 min<\/p>\n<p>[\/et_pb_text][et_pb_button button_url=&#8221;https:\/\/grimeton.entryevent.se\/ticketshop\/tickets\/dagskiftet-med-entre&#8221; url_new_window=&#8221;on&#8221; button_text=&#8221;Book now&#8221; _builder_version=&#8221;4.17.3&#8243; _module_preset=&#8221;bdb3f2c2-985e-46f1-9ed6-8cbf17e43986&#8243; global_colors_info=&#8221;{}&#8221;][\/et_pb_button][\/et_pb_column][et_pb_column type=&#8221;1_3&#8243; _builder_version=&#8221;4.17.3&#8243; _module_preset=&#8221;6b7c2dde-a1a9-43d8-9bb0-1b49b483f16d&#8221; background_enable_color=&#8221;off&#8221; global_colors_info=&#8221;{}&#8221;][et_pb_text _builder_version=&#8221;4.17.3&#8243; _module_preset=&#8221;0c70b47c-f3c4-41f5-8900-863acc58aa6f&#8221; text_text_color=&#8221;#FFFFFF&#8221; global_colors_info=&#8221;{}&#8221;]<\/p>\n<p><strong>Accessibility<\/strong><br \/>The tour takes place both indoors and outdoors in areas that are wheelchair accessible. Benches are available along the route for anyone who needs to sit down. The guide wears a microphone vest.  <\/p>\n<p><strong>Language<\/strong><br \/>The Day Shift is held in Swedish and English. You choose language when you make your reservation.<\/p>\n<p>&nbsp;<\/p>\n<p>[\/et_pb_text][\/et_pb_column][\/et_pb_row][\/et_pb_section][et_pb_section fb_built=&#8221;1&#8243; module_id=&#8221;tekniska-skiftet sandarstart&#8221; _builder_version=&#8221;4.17.0&#8243; _module_preset=&#8221;default&#8221; background_color=&#8221;rgba(187,129,51,0.13)&#8221; background_enable_image=&#8221;off&#8221; custom_padding=&#8221;50px||50px||true|false&#8221; custom_padding_tablet=&#8221;50px||50px||true|false&#8221; custom_padding_phone=&#8221;25px||25px||true|false&#8221; global_colors_info=&#8221;{}&#8221;][et_pb_row column_structure=&#8221;3_5,2_5&#8243; _builder_version=&#8221;4.17.0&#8243; _module_preset=&#8221;default&#8221; max_width_tablet=&#8221;&#8221; max_width_phone=&#8221;&#8221; max_width_last_edited=&#8221;on|desktop&#8221; global_colors_info=&#8221;{}&#8221;][et_pb_column type=&#8221;3_5&#8243; _builder_version=&#8221;4.17.0&#8243; _module_preset=&#8221;default&#8221; global_colors_info=&#8221;{}&#8221;][et_pb_text _builder_version=&#8221;4.17.3&#8243; _module_preset=&#8221;695deb55-72ac-4b84-95fd-3de7a073001a&#8221; text_text_color=&#8221;#3C3C3B&#8221; max_width=&#8221;750px&#8221; header_font_size_tablet=&#8221;&#8221; header_font_size_phone=&#8221;&#8221; header_font_size_last_edited=&#8221;on|desktop&#8221; global_colors_info=&#8221;{}&#8221;]<\/p>\n<h2>The Technical Shift and Transmitter Startup<\/h2>\n<p>[\/et_pb_text][\/et_pb_column][et_pb_column type=&#8221;2_5&#8243; _builder_version=&#8221;4.17.0&#8243; _module_preset=&#8221;default&#8221; global_colors_info=&#8221;{}&#8221;][\/et_pb_column][\/et_pb_row][et_pb_row column_structure=&#8221;3_5,2_5&#8243; _builder_version=&#8221;4.17.3&#8243; _module_preset=&#8221;default&#8221; max_width_tablet=&#8221;&#8221; max_width_phone=&#8221;&#8221; max_width_last_edited=&#8221;on|desktop&#8221; custom_padding=&#8221;10px||40px||false|false&#8221; global_colors_info=&#8221;{}&#8221;][et_pb_column type=&#8221;3_5&#8243; _builder_version=&#8221;4.17.0&#8243; _module_preset=&#8221;default&#8221; global_colors_info=&#8221;{}&#8221;][et_pb_text _builder_version=&#8221;4.17.4&#8243; _module_preset=&#8221;695deb55-72ac-4b84-95fd-3de7a073001a&#8221; text_text_color=&#8221;#3C3C3B&#8221; max_width=&#8221;750px&#8221; header_font_size_tablet=&#8221;&#8221; header_font_size_phone=&#8221;&#8221; header_font_size_last_edited=&#8221;on|desktop&#8221; global_colors_info=&#8221;{}&#8221;]<\/p>\n<h3>Technical Shift<\/h3>\n<p>For anyone who wants to dive deeper into the Alexanderson alternator transmitter and its unique technology, we offer Tech Thursdays during the summer. Join the Technical Shift, a 60-minute guided technical tour of the Alexanderson alternator transmitter. <\/p>\n<p><em>It\u00b4s possible to book these tour together or separate.<\/em><\/p>\n<p>[\/et_pb_text][\/et_pb_column][et_pb_column type=&#8221;2_5&#8243; _builder_version=&#8221;4.17.0&#8243; _module_preset=&#8221;default&#8221; global_colors_info=&#8221;{}&#8221;][et_pb_text _builder_version=&#8221;4.17.3&#8243; _module_preset=&#8221;695deb55-72ac-4b84-95fd-3de7a073001a&#8221; text_text_color=&#8221;#3C3C3B&#8221; max_width=&#8221;750px&#8221; header_font_size_tablet=&#8221;&#8221; header_font_size_phone=&#8221;&#8221; header_font_size_last_edited=&#8221;on|desktop&#8221; global_colors_info=&#8221;{}&#8221;]<\/p>\n<h3>Transmitter start-up<\/h3>\n<p>Take part in a Transmitter Startup, where the skilled operators bring the old machinery to life. Pregnant people and people with electronic implants are advised not to participate in the transmitter startup.<\/p>\n<p>&nbsp;<\/p>\n<div class=\"x11i5rnm xat24cr x1mh8g0r x1vvkbs xtlvy1s\">Grimeton Radio Station is an active radio station and scheduled broadcasts may be canceled for various reasons and at short notice.<span><\/span><\/div>\n<p>[\/et_pb_text][\/et_pb_column][\/et_pb_row][et_pb_row column_structure=&#8221;1_3,1_3,1_3&#8243; _builder_version=&#8221;4.27.6&#8243; _module_preset=&#8221;6919440f-7f6d-4e1b-a1dc-77d616f18352&#8243; width_last_edited=&#8221;off|tablet&#8221; hover_enabled=&#8221;0&#8243; global_colors_info=&#8221;{}&#8221; sticky_enabled=&#8221;0&#8243;][et_pb_column type=&#8221;1_3&#8243; _builder_version=&#8221;4.27.6&#8243; _module_preset=&#8221;6b7c2dde-a1a9-43d8-9bb0-1b49b483f16d&#8221; hover_enabled=&#8221;0&#8243; global_colors_info=&#8221;{}&#8221; title_text=&#8221;Teknisk visning2&#8243; background_image=&#8221;https:\/\/grimeton.org\/wp-content\/uploads\/2022\/05\/Teknisk-visning2.jpg&#8221; sticky_enabled=&#8221;0&#8243;][et_pb_text _builder_version=&#8221;4.27.6&#8243; _module_preset=&#8221;482029db-dd8f-41e8-9e86-ae69f0f03889&#8243; min_height=&#8221;200px&#8221; hover_enabled=&#8221;0&#8243; sticky_enabled=&#8221;0&#8243;][\/et_pb_text][\/et_pb_column][et_pb_column type=&#8221;1_3&#8243; _builder_version=&#8221;4.17.3&#8243; _module_preset=&#8221;6b7c2dde-a1a9-43d8-9bb0-1b49b483f16d&#8221; global_colors_info=&#8221;{}&#8221;][et_pb_text _builder_version=&#8221;4.17.0&#8243; _module_preset=&#8221;0c70b47c-f3c4-41f5-8900-863acc58aa6f&#8221; text_text_color=&#8221;#FFFFFF&#8221; global_colors_info=&#8221;{}&#8221;]<\/p>\n<h2>Good to know<\/h2>\n<p><strong> The ticket includes admission to the World Heritage Site.<\/strong><\/p>\n<p><strong>Number<br \/><\/strong>15 participants for the Technical Shift, 150 participants for Transmitter start-up<\/p>\n<p><strong>Age<br \/><\/strong>Age limit 15+ for the Technical Shift.<\/p>\n<p>Recommended minimum age for Transmitter start-up is 6 years. <\/p>\n<p><strong>Duration<br \/><\/strong>about 60 min<\/p>\n<p>[\/et_pb_text][et_pb_button button_url=&#8221;https:\/\/grimeton.entryevent.se\/ticketshop\/tickets\/tekniska-skiftet&#8221; url_new_window=&#8221;on&#8221; button_text=&#8221;Book Technical Shift&#8221; _builder_version=&#8221;4.17.4&#8243; _module_preset=&#8221;bdb3f2c2-985e-46f1-9ed6-8cbf17e43986&#8243; global_colors_info=&#8221;{}&#8221;][\/et_pb_button][et_pb_button button_url=&#8221;https:\/\/grimeton.entryevent.se\/ticketshop\/tickets\/sandarstart&#8221; url_new_window=&#8221;on&#8221; button_text=&#8221;Book Transmitter Startup&#8221; _builder_version=&#8221;4.17.4&#8243; _module_preset=&#8221;0e23e2f2-8532-4f40-a762-a7c930f2093b&#8221; global_colors_info=&#8221;{}&#8221;][\/et_pb_button][\/et_pb_column][et_pb_column type=&#8221;1_3&#8243; _builder_version=&#8221;4.17.3&#8243; _module_preset=&#8221;6b7c2dde-a1a9-43d8-9bb0-1b49b483f16d&#8221; background_enable_color=&#8221;off&#8221; global_colors_info=&#8221;{}&#8221;][et_pb_text _builder_version=&#8221;4.17.3&#8243; _module_preset=&#8221;0c70b47c-f3c4-41f5-8900-863acc58aa6f&#8221; text_text_color=&#8221;#FFFFFF&#8221; global_colors_info=&#8221;{}&#8221;]<\/p>\n<p><strong>Safety information<\/strong><br \/>For transmitter start-ups, we advise pregnant people and people with electronic implants not to take part.<strong><\/strong><\/p>\n<p><strong>Accessibility<\/strong><strong><\/strong><\/p>\n<p>The tour takes place both indoors and outdoors in areas that are wheelchair accessible. Benches are available along the route for anyone who needs to sit down. The guide wears a microphone vest. Hearing protection is available for the transmitter start-up.   <\/p>\n<p><strong><\/strong><\/p>\n<p><strong>Language<\/strong><\/p>\n<p>Technical Shift is mainly held in English N\u00e4r inga engelsktalande bes\u00f6kare deltar kan visningen h\u00e5llas p\u00e5 svenska. <strong><\/strong><\/p>\n<p>Transmitter Startup is held in both Swedish and English You choose the language on site.<\/p>\n<p><strong><\/strong><\/p>\n<p>[\/et_pb_text][\/et_pb_column][\/et_pb_row][\/et_pb_section][et_pb_section fb_built=&#8221;1&#8243; _builder_version=&#8221;4.17.0&#8243; _module_preset=&#8221;default&#8221; custom_padding=&#8221;60px||60px||true|false&#8221; global_colors_info=&#8221;{}&#8221;][et_pb_row column_structure=&#8221;1_2,1_2&#8243; gutter_width=&#8221;4&#8243; _builder_version=&#8221;4.17.0&#8243; _module_preset=&#8221;default&#8221; global_colors_info=&#8221;{}&#8221;][et_pb_column type=&#8221;1_2&#8243; _builder_version=&#8221;4.17.0&#8243; _module_preset=&#8221;default&#8221; global_colors_info=&#8221;{}&#8221;][et_pb_text _builder_version=&#8221;4.17.0&#8243; _module_preset=&#8221;default&#8221; global_colors_info=&#8221;{}&#8221;]<\/p>\n<h2>What information is provided?<\/h2>\n<p>There are many stories about Grimeton Radio Station. This 10-minute film clip gives you a taste of them.  If you want to know more, you should definitely join one of our guided tours. [\/et_pb_text][\/et_pb_column][et_pb_column type=&#8221;1_2&#8243; _builder_version=&#8221;4.17.0&#8243; _module_preset=&#8221;default&#8221; global_colors_info=&#8221;{}&#8221;][et_pb_video src=&#8221;https:\/\/www.youtube.com\/watch?v=KftT8rkpxno&amp;t=3s&#8221; _builder_version=&#8221;4.17.0&#8243; _module_preset=&#8221;default&#8221; global_colors_info=&#8221;{}&#8221;][\/et_pb_video][\/et_pb_column][\/et_pb_row][\/et_pb_section]<\/p>\n","protected":false},"excerpt":{"rendered":"<p>ToursDiscover Grimeton Radio Station on a guided tour! You can buy your ticket at any time in the World Heritage Site\u2019s digital ticket shop, or on site at the visitor centre during regular opening hours. Since tours have a limited number of participants, we recommend buying your ticket in advance to secure a reserved spot. [&hellip;]<\/p>\n","protected":false},"author":1,"featured_media":0,"parent":0,"menu_order":0,"comment_status":"closed","ping_status":"closed","template":"","meta":{"_et_pb_use_builder":"on","_et_pb_old_content":"","_et_gb_content_width":"","inline_featured_image":false,"footnotes":""},"class_list":["post-1105","page","type-page","status-publish","hentry"],"_links":{"self":[{"href":"https:\/\/grimeton.org\/en\/wp-json\/wp\/v2\/pages\/1105","targetHints":{"allow":["GET"]}}],"collection":[{"href":"https:\/\/grimeton.org\/en\/wp-json\/wp\/v2\/pages"}],"about":[{"href":"https:\/\/grimeton.org\/en\/wp-json\/wp\/v2\/types\/page"}],"author":[{"embeddable":true,"href":"https:\/\/grimeton.org\/en\/wp-json\/wp\/v2\/users\/1"}],"replies":[{"embeddable":true,"href":"https:\/\/grimeton.org\/en\/wp-json\/wp\/v2\/comments?post=1105"}],"version-history":[{"count":8,"href":"https:\/\/grimeton.org\/en\/wp-json\/wp\/v2\/pages\/1105\/revisions"}],"predecessor-version":[{"id":7782,"href":"https:\/\/grimeton.org\/en\/wp-json\/wp\/v2\/pages\/1105\/revisions\/7782"}],"wp:attachment":[{"href":"https:\/\/grimeton.org\/en\/wp-json\/wp\/v2\/media?parent=1105"}],"curies":[{"name":"wp","href":"https:\/\/api.w.org\/{rel}","templated":true}]}}