{"id":7880,"date":"2026-03-24T12:04:20","date_gmt":"2026-03-24T11:04:20","guid":{"rendered":"https:\/\/grimeton.org\/meeting-venues-at-grimeton-world-heritage-site\/"},"modified":"2026-03-27T12:37:52","modified_gmt":"2026-03-27T11:37:52","slug":"meeting-venues-at-grimeton-world-heritage-site","status":"publish","type":"page","link":"https:\/\/grimeton.org\/en\/meeting-venues-at-grimeton-world-heritage-site\/","title":{"rendered":"Meeting Venues at Grimeton World Heritage Site"},"content":{"rendered":"<p>[et_pb_section fb_built=&#8221;1&#8243; _builder_version=&#8221;4.27.5&#8243; _module_preset=&#8221;5f32c233-df6c-4df3-aea5-81915d00b1c3&#8243; background_color=&#8221;#FFFFFF&#8221; min_height=&#8221;auto&#8221; global_colors_info=&#8221;{}&#8221;][et_pb_row _builder_version=&#8221;4.27.5&#8243; _module_preset=&#8221;default&#8221; global_colors_info=&#8221;{}&#8221;][et_pb_column type=&#8221;4_4&#8243; _builder_version=&#8221;4.27.5&#8243; _module_preset=&#8221;default&#8221; global_colors_info=&#8221;{}&#8221;][\/et_pb_column][\/et_pb_row][\/et_pb_section][et_pb_section fb_built=&#8221;1&#8243; admin_label=&#8221;Rubrik\/ingress&#8221; _builder_version=&#8221;4.27.5&#8243; _module_preset=&#8221;default&#8221; custom_margin=&#8221;100px||||false|false&#8221; custom_padding=&#8221;20px||0px||false|false&#8221; global_colors_info=&#8221;{}&#8221;][et_pb_row module_class=&#8221;pa-inline-buttons&#8221; _builder_version=&#8221;4.27.5&#8243; _module_preset=&#8221;default&#8221; custom_padding=&#8221;0px||20px||false|false&#8221; global_colors_info=&#8221;{}&#8221;][et_pb_column type=&#8221;4_4&#8243; _builder_version=&#8221;4.17.0&#8243; _module_preset=&#8221;default&#8221; global_colors_info=&#8221;{}&#8221;][et_pb_text _builder_version=&#8221;4.27.5&#8243; _module_preset=&#8221;default&#8221; global_colors_info=&#8221;{}&#8221;]<\/p>\n<h1>Our Meeting Rooms<\/h1>\n<p>[\/et_pb_text][\/et_pb_column][\/et_pb_row][\/et_pb_section][et_pb_section fb_built=&#8221;1&#8243; _builder_version=&#8221;4.27.5&#8243; _module_preset=&#8221;default&#8221; background_enable_color=&#8221;off&#8221; custom_margin=&#8221;||10px||false|false&#8221; global_colors_info=&#8221;{}&#8221;][et_pb_row column_structure=&#8221;1_2,1_2&#8243; gutter_width=&#8221;2&#8243; _builder_version=&#8221;4.27.5&#8243; _module_preset=&#8221;default&#8221; global_colors_info=&#8221;{}&#8221;][et_pb_column type=&#8221;1_2&#8243; _builder_version=&#8221;4.27.5&#8243; _module_preset=&#8221;default&#8221; global_colors_info=&#8221;{}&#8221;][et_pb_text _builder_version=&#8221;4.27.6&#8243; _module_preset=&#8221;default&#8221; text_text_color=&#8221;#3C3C3B&#8221; global_colors_info=&#8221;{}&#8221;]<\/p>\n<h3>Technology that Just Works<\/h3>\n<p>All our conference rooms are equipped to ensure meetings run smoothly from the start. Technology is always included in your booking, and technical support is available on-site if needed. <\/p>\n<p>&nbsp;<\/p>\n<p>[\/et_pb_text][\/et_pb_column][et_pb_column type=&#8221;1_2&#8243; _builder_version=&#8221;4.27.5&#8243; _module_preset=&#8221;default&#8221; global_colors_info=&#8221;{}&#8221;][et_pb_blurb use_icon=&#8221;on&#8221; font_icon=&#8221;&#x4e;||divi||400&#8243; _builder_version=&#8221;4.27.5&#8243; _module_preset=&#8221;777b597c-9a9b-4dd0-94a3-17759f7d6068&#8243; global_colors_info=&#8221;{}&#8221;]Stable fiber connection and WiFi[\/et_pb_blurb][et_pb_blurb use_icon=&#8221;on&#8221; font_icon=&#8221;&#x4e;||divi||400&#8243; _builder_version=&#8221;4.27.5&#8243; _module_preset=&#8221;777b597c-9a9b-4dd0-94a3-17759f7d6068&#8243; global_colors_info=&#8221;{}&#8221;]Option for hybrid meetings (Teams \/ Zoom)[\/et_pb_blurb][et_pb_blurb use_icon=&#8221;on&#8221; font_icon=&#8221;&#x4e;||divi||400&#8243; _builder_version=&#8221;4.27.5&#8243; _module_preset=&#8221;777b597c-9a9b-4dd0-94a3-17759f7d6068&#8243; global_colors_info=&#8221;{}&#8221;]Sound system with microphones[\/et_pb_blurb][et_pb_blurb use_icon=&#8221;on&#8221; font_icon=&#8221;&#x4e;||divi||400&#8243; _builder_version=&#8221;4.27.5&#8243; _module_preset=&#8221;777b597c-9a9b-4dd0-94a3-17759f7d6068&#8243; global_colors_info=&#8221;{}&#8221;]Projector or screen[\/et_pb_blurb][et_pb_blurb use_icon=&#8221;on&#8221; font_icon=&#8221;&#x4e;||divi||400&#8243; _builder_version=&#8221;4.27.5&#8243; _module_preset=&#8221;777b597c-9a9b-4dd0-94a3-17759f7d6068&#8243; global_colors_info=&#8221;{}&#8221;]HDMI, USB-C, and wireless casting[\/et_pb_blurb][et_pb_blurb use_icon=&#8221;on&#8221; font_icon=&#8221;&#x4e;||divi||400&#8243; _builder_version=&#8221;4.27.5&#8243; _module_preset=&#8221;777b597c-9a9b-4dd0-94a3-17759f7d6068&#8243; custom_margin=&#8221;||30px||false|false&#8221; custom_margin_tablet=&#8221;||20px||false|false&#8221; custom_margin_phone=&#8221;||20px||false|false&#8221; custom_margin_last_edited=&#8221;on|phone&#8221; global_colors_info=&#8221;{}&#8221;]On-site technical support if needed[\/et_pb_blurb][\/et_pb_column][\/et_pb_row][\/et_pb_section][et_pb_section fb_built=&#8221;1&#8243; _builder_version=&#8221;4.27.5&#8243; _module_preset=&#8221;default&#8221; background_color=&#8221;rgba(206,181,116,0.19)&#8221; custom_margin=&#8221;||10px||false|false&#8221; custom_padding=&#8221;60px||60px||true|false&#8221; custom_padding_tablet=&#8221;40px||40px||true|false&#8221; custom_padding_phone=&#8221;40px||40px||true|false&#8221; global_colors_info=&#8221;{}&#8221;][et_pb_row column_structure=&#8221;1_2,1_2&#8243; gutter_width=&#8221;2&#8243; _builder_version=&#8221;4.27.5&#8243; _module_preset=&#8221;default&#8221; global_colors_info=&#8221;{}&#8221;][et_pb_column type=&#8221;1_2&#8243; _builder_version=&#8221;4.27.5&#8243; _module_preset=&#8221;default&#8221; background_image=&#8221;https:\/\/grimeton.org\/wp-content\/uploads\/2026\/03\/I61A9849.jpg&#8221; global_colors_info=&#8221;{}&#8221;][et_pb_text _builder_version=&#8221;4.27.5&#8243; _module_preset=&#8221;482029db-dd8f-41e8-9e86-ae69f0f03889&#8243; min_height=&#8221;350px&#8221; min_height_tablet=&#8221;350px&#8221; min_height_phone=&#8221;200px&#8221; min_height_last_edited=&#8221;on|phone&#8221; global_colors_info=&#8221;{}&#8221;][\/et_pb_text][\/et_pb_column][et_pb_column type=&#8221;1_2&#8243; _builder_version=&#8221;4.27.5&#8243; _module_preset=&#8221;default&#8221; custom_padding_tablet=&#8221;0px||30px||false|false&#8221; custom_padding_phone=&#8221;||30px||false|false&#8221; custom_padding_last_edited=&#8221;on|phone&#8221; global_colors_info=&#8221;{}&#8221;][et_pb_text _builder_version=&#8221;4.27.5&#8243; _module_preset=&#8221;default&#8221; header_3_font_size=&#8221;35px&#8221; global_colors_info=&#8221;{}&#8221;]<\/p>\n<h3>V\u00e4rldens Rum (The World&#8217;s Room)<\/h3>\n<p>[\/et_pb_text][et_pb_text _builder_version=&#8221;4.27.5&#8243; _module_preset=&#8221;default&#8221; custom_margin=&#8221;||30px||false|false&#8221; custom_margin_tablet=&#8221;||30px||false|false&#8221; custom_margin_phone=&#8221;||20px||false|false&#8221; custom_margin_last_edited=&#8221;on|phone&#8221; global_colors_info=&#8221;{}&#8221;]<\/p>\n<p>This room offers generous daylight and a view of the World Heritage Site and its antenna towers. Suitable for 20-50 people depending on the chosen seating arrangement. <\/p>\n<p>[\/et_pb_text][et_pb_blurb title=&#8221;Islands&#8221; image=&#8221;https:\/\/grimeton.org\/wp-content\/uploads\/2026\/03\/oar.png&#8221; _builder_version=&#8221;4.27.5&#8243; _module_preset=&#8221;68676aa2-3b0e-4782-b669-6b8a29e8761e&#8221; global_colors_info=&#8221;{}&#8221;]<\/p>\n<p>32 people<\/p>\n<p>[\/et_pb_blurb][et_pb_blurb title=&#8221;Boardroom seating&#8221; image=&#8221;https:\/\/grimeton.org\/wp-content\/uploads\/2026\/03\/styrelse.png&#8221; _builder_version=&#8221;4.27.5&#8243; _module_preset=&#8221;68676aa2-3b0e-4782-b669-6b8a29e8761e&#8221; global_colors_info=&#8221;{}&#8221;]<\/p>\n<p>16 people<\/p>\n<p>[\/et_pb_blurb][et_pb_blurb title=&#8221;U-shape&#8221; image=&#8221;https:\/\/grimeton.org\/wp-content\/uploads\/2026\/03\/usittning.png&#8221; _builder_version=&#8221;4.27.5&#8243; _module_preset=&#8221;68676aa2-3b0e-4782-b669-6b8a29e8761e&#8221; global_colors_info=&#8221;{}&#8221;]<\/p>\n<p>24 people<\/p>\n<p>[\/et_pb_blurb][et_pb_blurb title=&#8221;Classroom seating&#8221; image=&#8221;https:\/\/grimeton.org\/wp-content\/uploads\/2026\/03\/skolsittning.png&#8221; _builder_version=&#8221;4.27.5&#8243; _module_preset=&#8221;68676aa2-3b0e-4782-b669-6b8a29e8761e&#8221; global_colors_info=&#8221;{}&#8221;]<\/p>\n<p>32 people<\/p>\n<p>[\/et_pb_blurb][et_pb_blurb title=&#8221;Theater seating&#8221; image=&#8221;https:\/\/grimeton.org\/wp-content\/uploads\/2026\/03\/bio.png&#8221; _builder_version=&#8221;4.27.5&#8243; _module_preset=&#8221;68676aa2-3b0e-4782-b669-6b8a29e8761e&#8221; custom_margin=&#8221;30px|0px|||false|false&#8221; custom_margin_tablet=&#8221;30px|0px|||false|false&#8221; global_colors_info=&#8221;{}&#8221;]<\/p>\n<p>50 people<\/p>\n<p>[\/et_pb_blurb][\/et_pb_column][\/et_pb_row][\/et_pb_section][et_pb_section fb_built=&#8221;1&#8243; _builder_version=&#8221;4.27.5&#8243; _module_preset=&#8221;default&#8221; background_color=&#8221;rgba(206,181,116,0.19)&#8221; custom_margin=&#8221;||10px||false|false&#8221; custom_padding=&#8221;60px||60px||true|false&#8221; custom_padding_tablet=&#8221;40px||40px||true|false&#8221; custom_padding_phone=&#8221;40px||40px||true|false&#8221; global_colors_info=&#8221;{}&#8221;][et_pb_row column_structure=&#8221;1_2,1_2&#8243; gutter_width=&#8221;2&#8243; _builder_version=&#8221;4.27.5&#8243; _module_preset=&#8221;default&#8221; width_tablet=&#8221;&#8221; width_phone=&#8221;&#8221; width_last_edited=&#8221;on|desktop&#8221; global_colors_info=&#8221;{}&#8221;][et_pb_column type=&#8221;1_2&#8243; _builder_version=&#8221;4.27.5&#8243; _module_preset=&#8221;default&#8221; background_image=&#8221;https:\/\/grimeton.org\/wp-content\/uploads\/2026\/03\/I61A9886.jpg&#8221; background_position=&#8221;bottom_right&#8221; background_vertical_offset=&#8221;0%&#8221; global_colors_info=&#8221;{}&#8221;][et_pb_text _builder_version=&#8221;4.27.5&#8243; _module_preset=&#8221;482029db-dd8f-41e8-9e86-ae69f0f03889&#8243; min_height=&#8221;350px&#8221; min_height_tablet=&#8221;350px&#8221; min_height_phone=&#8221;200px&#8221; min_height_last_edited=&#8221;on|phone&#8221; global_colors_info=&#8221;{}&#8221;][\/et_pb_text][\/et_pb_column][et_pb_column type=&#8221;1_2&#8243; _builder_version=&#8221;4.27.5&#8243; _module_preset=&#8221;default&#8221; custom_padding_tablet=&#8221;0px||30px||false|false&#8221; custom_padding_phone=&#8221;||30px||false|false&#8221; custom_padding_last_edited=&#8221;on|phone&#8221; global_colors_info=&#8221;{}&#8221;][et_pb_text _builder_version=&#8221;4.27.5&#8243; _module_preset=&#8221;default&#8221; header_3_font_size=&#8221;35px&#8221; global_colors_info=&#8221;{}&#8221;]<\/p>\n<h3>V\u00e4rldens Rum + V\u00e4rldens H\u00f6rn (The World&#8217;s Room + The World&#8217;s Corner)<\/h3>\n<p>[\/et_pb_text][et_pb_text _builder_version=&#8221;4.27.5&#8243; _module_preset=&#8221;default&#8221; custom_margin=&#8221;||30px||false|false&#8221; custom_margin_tablet=&#8221;||30px||false|false&#8221; custom_margin_phone=&#8221;||20px||false|false&#8221; custom_margin_last_edited=&#8221;on|phone&#8221; global_colors_info=&#8221;{}&#8221;]<\/p>\n<p>Our two conference rooms are separated by a partition wall, allowing for a larger conference room suitable for up to 75 people in theater seating.<\/p>\n<p>[\/et_pb_text][et_pb_blurb title=&#8221;Islands&#8221; image=&#8221;https:\/\/grimeton.org\/wp-content\/uploads\/2026\/03\/oar.png&#8221; _builder_version=&#8221;4.27.5&#8243; _module_preset=&#8221;68676aa2-3b0e-4782-b669-6b8a29e8761e&#8221; global_colors_info=&#8221;{}&#8221;]<\/p>\n<p>40 people<\/p>\n<p>[\/et_pb_blurb][et_pb_blurb title=&#8221;Boardroom seating&#8221; image=&#8221;https:\/\/grimeton.org\/wp-content\/uploads\/2026\/03\/styrelse.png&#8221; _builder_version=&#8221;4.27.5&#8243; _module_preset=&#8221;68676aa2-3b0e-4782-b669-6b8a29e8761e&#8221; global_colors_info=&#8221;{}&#8221;]<\/p>\n<p>24 people<\/p>\n<p>[\/et_pb_blurb][et_pb_blurb title=&#8221;U-shape&#8221; image=&#8221;https:\/\/grimeton.org\/wp-content\/uploads\/2026\/03\/usittning.png&#8221; _builder_version=&#8221;4.27.5&#8243; _module_preset=&#8221;68676aa2-3b0e-4782-b669-6b8a29e8761e&#8221; global_colors_info=&#8221;{}&#8221;]<\/p>\n<p>26 people<\/p>\n<p>[\/et_pb_blurb][et_pb_blurb title=&#8221;Classroom seating&#8221; image=&#8221;https:\/\/grimeton.org\/wp-content\/uploads\/2026\/03\/skolsittning.png&#8221; _builder_version=&#8221;4.27.5&#8243; _module_preset=&#8221;68676aa2-3b0e-4782-b669-6b8a29e8761e&#8221; global_colors_info=&#8221;{}&#8221;]<\/p>\n<p>36 people<\/p>\n<p>[\/et_pb_blurb][et_pb_blurb title=&#8221;Theater seating&#8221; image=&#8221;https:\/\/grimeton.org\/wp-content\/uploads\/2026\/03\/bio.png&#8221; _builder_version=&#8221;4.27.5&#8243; _module_preset=&#8221;68676aa2-3b0e-4782-b669-6b8a29e8761e&#8221; custom_margin=&#8221;30px|0px|||false|false&#8221; custom_margin_tablet=&#8221;30px|0px|||false|false&#8221; global_colors_info=&#8221;{}&#8221;]<\/p>\n<p>75 people<\/p>\n<p>[\/et_pb_blurb][\/et_pb_column][\/et_pb_row][\/et_pb_section][et_pb_section fb_built=&#8221;1&#8243; _builder_version=&#8221;4.27.5&#8243; _module_preset=&#8221;default&#8221; background_color=&#8221;rgba(206,181,116,0.19)&#8221; custom_margin=&#8221;||10px||false|false&#8221; custom_padding=&#8221;60px||60px||true|false&#8221; custom_padding_tablet=&#8221;40px||40px||true|false&#8221; custom_padding_phone=&#8221;40px||40px||true|false&#8221; global_colors_info=&#8221;{}&#8221;][et_pb_row column_structure=&#8221;1_2,1_2&#8243; gutter_width=&#8221;2&#8243; _builder_version=&#8221;4.27.5&#8243; _module_preset=&#8221;default&#8221; width_tablet=&#8221;&#8221; width_phone=&#8221;&#8221; width_last_edited=&#8221;on|desktop&#8221; global_colors_info=&#8221;{}&#8221;][et_pb_column type=&#8221;1_2&#8243; _builder_version=&#8221;4.27.5&#8243; _module_preset=&#8221;default&#8221; background_image=&#8221;https:\/\/grimeton.org\/wp-content\/uploads\/2026\/03\/I61A9841.jpg&#8221; background_position=&#8221;center_left&#8221; global_colors_info=&#8221;{}&#8221;][et_pb_text _builder_version=&#8221;4.27.5&#8243; _module_preset=&#8221;482029db-dd8f-41e8-9e86-ae69f0f03889&#8243; min_height=&#8221;350px&#8221; min_height_tablet=&#8221;350px&#8221; min_height_phone=&#8221;200px&#8221; min_height_last_edited=&#8221;on|phone&#8221; global_colors_info=&#8221;{}&#8221;][\/et_pb_text][\/et_pb_column][et_pb_column type=&#8221;1_2&#8243; _builder_version=&#8221;4.27.5&#8243; _module_preset=&#8221;default&#8221; custom_padding_tablet=&#8221;0px||30px||false|false&#8221; custom_padding_phone=&#8221;||30px||false|false&#8221; custom_padding_last_edited=&#8221;on|phone&#8221; global_colors_info=&#8221;{}&#8221;][et_pb_text _builder_version=&#8221;4.27.5&#8243; _module_preset=&#8221;default&#8221; header_3_font_size=&#8221;35px&#8221; global_colors_info=&#8221;{}&#8221;]<\/p>\n<h3>V\u00e4rldens H\u00f6rn (The World&#8217;s Corner)<\/h3>\n<p>[\/et_pb_text][et_pb_text _builder_version=&#8221;4.27.5&#8243; _module_preset=&#8221;default&#8221; custom_margin=&#8221;||30px||false|false&#8221; custom_margin_tablet=&#8221;||30px||false|false&#8221; custom_margin_phone=&#8221;||20px||false|false&#8221; custom_margin_last_edited=&#8221;on|phone&#8221; global_colors_info=&#8221;{}&#8221;]<\/p>\n<p>V\u00e4rldens H\u00f6rn is particularly appreciated for board meetings, management teams, and strategic workshops where a quiet environment and focus are important.<br \/>Its smaller scale and historical setting create conditions for good discussions, decisions, and long-term thinking.<\/p>\n<p>The room is especially suitable for:<\/p>\n<ul>\n<li>Management teams<\/li>\n<li>Board meetings<\/li>\n<li>Smaller workshops<\/li>\n<li>Hybrid meetings<\/li>\n<\/ul>\n<p>[\/et_pb_text][et_pb_blurb title=&#8221;Boardroom seating&#8221; image=&#8221;https:\/\/grimeton.org\/wp-content\/uploads\/2026\/03\/styrelse.png&#8221; _builder_version=&#8221;4.27.5&#8243; _module_preset=&#8221;68676aa2-3b0e-4782-b669-6b8a29e8761e&#8221; custom_margin=&#8221;0px|0px|||false|false&#8221; custom_margin_last_edited=&#8221;off|desktop&#8221; global_colors_info=&#8221;{}&#8221;]<\/p>\n<p>9 people<\/p>\n<p>[\/et_pb_blurb][\/et_pb_column][\/et_pb_row][\/et_pb_section][et_pb_section fb_built=&#8221;1&#8243; _builder_version=&#8221;4.27.5&#8243; _module_preset=&#8221;default&#8221; global_colors_info=&#8221;{}&#8221;][et_pb_row column_structure=&#8221;1_2,1_2&#8243; gutter_width=&#8221;2&#8243; _builder_version=&#8221;4.27.5&#8243; _module_preset=&#8221;default&#8221; global_colors_info=&#8221;{}&#8221;][et_pb_column type=&#8221;1_2&#8243; _builder_version=&#8221;4.27.5&#8243; _module_preset=&#8221;default&#8221; custom_css_main_element=&#8221;display: flex;||flex-direction: column;||justify-content: center;&#8221; global_colors_info=&#8221;{}&#8221;][et_pb_text _builder_version=&#8221;4.27.5&#8243; _module_preset=&#8221;695deb55-72ac-4b84-95fd-3de7a073001a&#8221; global_colors_info=&#8221;{}&#8221;]<\/p>\n<h2>Group rooms &amp; breakout areas<\/h2>\n<p>[\/et_pb_text][et_pb_text _builder_version=&#8221;4.27.5&#8243; _module_preset=&#8221;default&#8221; global_colors_info=&#8221;{}&#8221;]For group work, several options are available:<\/p>\n<ul>\n<li>Two group rooms in the station building (up to 11 people per room)<\/li>\n<li>V\u00e4rldens H\u00f6rn can be used when available<\/li>\n<li>Exhibitions, outdoor environment, and the Dining Hall serve as creative reflection spaces<\/li>\n<\/ul>\n<p>The open World Heritage environment makes it easy to vary working methods throughout the day.[\/et_pb_text][\/et_pb_column][et_pb_column type=&#8221;1_2&#8243; _builder_version=&#8221;4.27.5&#8243; _module_preset=&#8221;default&#8221; background_image=&#8221;https:\/\/grimeton.org\/wp-content\/uploads\/2026\/03\/I61A9811.jpg&#8221; global_colors_info=&#8221;{}&#8221;][et_pb_text _builder_version=&#8221;4.27.5&#8243; _module_preset=&#8221;482029db-dd8f-41e8-9e86-ae69f0f03889&#8243; min_height=&#8221;400px&#8221; global_colors_info=&#8221;{}&#8221;][\/et_pb_text][\/et_pb_column][\/et_pb_row][\/et_pb_section]<\/p>\n","protected":false},"excerpt":{"rendered":"<p>Our Meeting RoomsTechnology that Just Works All our conference rooms are equipped to ensure meetings run smoothly from the start. Technology is always included in your booking, and technical support is available on-site if needed. &nbsp;Stable fiber connection and WiFiOption for hybrid meetings (Teams \/ Zoom)Sound system with microphonesProjector or screenHDMI, USB-C, and wireless castingOn-site [&hellip;]<\/p>\n","protected":false},"author":1,"featured_media":0,"parent":0,"menu_order":0,"comment_status":"closed","ping_status":"closed","template":"","meta":{"_et_pb_use_builder":"on","_et_pb_old_content":"","_et_gb_content_width":"","inline_featured_image":false,"footnotes":""},"class_list":["post-7880","page","type-page","status-publish","hentry"],"_links":{"self":[{"href":"https:\/\/grimeton.org\/en\/wp-json\/wp\/v2\/pages\/7880","targetHints":{"allow":["GET"]}}],"collection":[{"href":"https:\/\/grimeton.org\/en\/wp-json\/wp\/v2\/pages"}],"about":[{"href":"https:\/\/grimeton.org\/en\/wp-json\/wp\/v2\/types\/page"}],"author":[{"embeddable":true,"href":"https:\/\/grimeton.org\/en\/wp-json\/wp\/v2\/users\/1"}],"replies":[{"embeddable":true,"href":"https:\/\/grimeton.org\/en\/wp-json\/wp\/v2\/comments?post=7880"}],"version-history":[{"count":2,"href":"https:\/\/grimeton.org\/en\/wp-json\/wp\/v2\/pages\/7880\/revisions"}],"predecessor-version":[{"id":7891,"href":"https:\/\/grimeton.org\/en\/wp-json\/wp\/v2\/pages\/7880\/revisions\/7891"}],"wp:attachment":[{"href":"https:\/\/grimeton.org\/en\/wp-json\/wp\/v2\/media?parent=7880"}],"curies":[{"name":"wp","href":"https:\/\/api.w.org\/{rel}","templated":true}]}}