{"id":929,"date":"2022-04-28T10:29:26","date_gmt":"2022-04-28T08:29:26","guid":{"rendered":"https:\/\/grimeton.org\/contact\/"},"modified":"2026-03-27T12:32:54","modified_gmt":"2026-03-27T11:32:54","slug":"contact","status":"publish","type":"page","link":"https:\/\/grimeton.org\/en\/contact\/","title":{"rendered":"Contact"},"content":{"rendered":"<p>[et_pb_section fb_built=&#8221;1&#8243; _builder_version=&#8221;4.17.0&#8243; _module_preset=&#8221;5f32c233-df6c-4df3-aea5-81915d00b1c3&#8243; background_image=&#8221;https:\/\/grimeton.org\/wp-content\/uploads\/2022\/05\/grimeton_toppbild_2500x1406_kontakt.jpg&#8221; vertical_offset_tablet=&#8221;-5px&#8221; vertical_offset_phone=&#8221;-1px&#8221; vertical_offset_last_edited=&#8221;on|tablet&#8221; min_height=&#8221;450px&#8221; custom_margin_tablet=&#8221;&#8221; custom_margin_phone=&#8221;65px||||false|false&#8221; custom_margin_last_edited=&#8221;on|desktop&#8221; global_colors_info=&#8221;{}&#8221;][et_pb_row _builder_version=&#8221;4.27.5&#8243; _module_preset=&#8221;4a78af92-e700-4852-bfbd-700e0d505a83&#8243; max_width=&#8221;1000px&#8221; global_colors_info=&#8221;{}&#8221;][et_pb_column type=&#8221;4_4&#8243; _builder_version=&#8221;4.16&#8243; custom_padding=&#8221;|||&#8221; global_colors_info=&#8221;{}&#8221; custom_padding__hover=&#8221;|||&#8221;][et_pb_text _builder_version=&#8221;4.17.0&#8243; _module_preset=&#8221;46e41622-7e6c-49a7-b3f6-7c2d47f3e6b4&#8243; global_colors_info=&#8221;{}&#8221;]<\/p>\n<h1>Contact<\/h1>\n<p>[\/et_pb_text][\/et_pb_column][\/et_pb_row][\/et_pb_section][et_pb_section fb_built=&#8221;1&#8243; _builder_version=&#8221;4.27.5&#8243; _module_preset=&#8221;default&#8221; background_color=&#8221;rgba(206,181,116,0.16)&#8221; custom_padding=&#8221;80px||80px||true|false&#8221; global_colors_info=&#8221;{}&#8221;][et_pb_row _builder_version=&#8221;4.27.5&#8243; _module_preset=&#8221;default&#8221; max_width=&#8221;1000px&#8221; global_colors_info=&#8221;{}&#8221;][et_pb_column type=&#8221;4_4&#8243; _builder_version=&#8221;4.27.5&#8243; _module_preset=&#8221;default&#8221; global_colors_info=&#8221;{}&#8221;][et_pb_text _builder_version=&#8221;4.27.5&#8243; _module_preset=&#8221;default&#8221; text_font_size=&#8221;20px&#8221; link_font=&#8221;|700|||on||||&#8221; link_text_color=&#8221;#3C3C3B&#8221; link_line_height=&#8221;1.8em&#8221; header_3_font=&#8221;|700|||||||&#8221; header_3_text_color=&#8221;#3C3C3B&#8221; header_3_font_size=&#8221;28px&#8221; header_3_line_height=&#8221;1.4em&#8221; custom_margin=&#8221;0px||25px||false|false&#8221; custom_margin_tablet=&#8221;10px||40px||false|false&#8221; custom_margin_phone=&#8221;||||false|false&#8221; custom_margin_last_edited=&#8221;on|phone&#8221; hover_enabled=&#8221;0&#8243; global_colors_info=&#8221;{}&#8221; sticky_enabled=&#8221;0&#8243;]<\/p>\n<p><a href=\"mailto:info@grimeton.org\">info@grimeton.org <\/a><br \/><a href=\"tel:+46340674190\">+46 (0) 340 67 41 90<\/a><\/p>\n<p>[\/et_pb_text][et_pb_text _builder_version=&#8221;4.27.5&#8243; _module_preset=&#8221;default&#8221; text_font_size=&#8221;20px&#8221; link_font=&#8221;||||on||||&#8221; link_text_color=&#8221;#3C3C3B&#8221; header_3_font=&#8221;|700|||||||&#8221; header_3_text_color=&#8221;#3C3C3B&#8221; header_3_font_size=&#8221;28px&#8221; header_3_line_height=&#8221;1.4em&#8221; custom_margin_tablet=&#8221;||40px||false|false&#8221; custom_margin_phone=&#8221;||||false|false&#8221; custom_margin_last_edited=&#8221;on|phone&#8221; global_colors_info=&#8221;{}&#8221;]<\/p>\n<p>Grimeton 72<br \/>SE-432 98 Grimeton<\/p>\n<p><a href=\"https:\/\/www.google.com\/maps\/place\/World+Heritage+Grimeton+Radio+Station\/@57.11315,12.4029579,17z\/data=!3m1!4b1!4m5!3m4!1s0x46502c2f27010177:0xe4efb64870122852!8m2!3d57.11315!4d12.4051519\" target=\"_blank\" rel=\"noopener\">Directions (google maps)<\/a><\/p>\n<p>Coordinates: 57.11317, 12.40526<br \/>Longwave: <span>SAQ 17.2 kHz<\/span><\/p>\n<p>[\/et_pb_text][\/et_pb_column][\/et_pb_row][\/et_pb_section][et_pb_section fb_built=&#8221;1&#8243; module_id=&#8221;get-here&#8221; _builder_version=&#8221;4.27.5&#8243; _module_preset=&#8221;default&#8221; background_color=&#8221;#3C3C3B&#8221; custom_margin=&#8221;||10px||false|false&#8221; custom_padding=&#8221;100px||100px||true|false&#8221; global_colors_info=&#8221;{}&#8221;][et_pb_row _builder_version=&#8221;4.27.5&#8243; _module_preset=&#8221;default&#8221; max_width=&#8221;1000px&#8221; global_colors_info=&#8221;{}&#8221;][et_pb_column type=&#8221;4_4&#8243; _builder_version=&#8221;4.27.5&#8243; _module_preset=&#8221;default&#8221; global_colors_info=&#8221;{}&#8221;][et_pb_text _builder_version=&#8221;4.27.5&#8243; _module_preset=&#8221;695deb55-72ac-4b84-95fd-3de7a073001a&#8221; global_colors_info=&#8221;{}&#8221;]<\/p>\n<h2>How to get here<\/h2>\n<p>[\/et_pb_text][\/et_pb_column][\/et_pb_row][et_pb_row column_structure=&#8221;1_2,1_2&#8243; gutter_width=&#8221;2&#8243; _builder_version=&#8221;4.27.5&#8243; _module_preset=&#8221;default&#8221; max_width=&#8221;1000px&#8221; global_colors_info=&#8221;{}&#8221;][et_pb_column type=&#8221;1_2&#8243; _builder_version=&#8221;4.27.5&#8243; _module_preset=&#8221;default&#8221; global_colors_info=&#8221;{}&#8221;][et_pb_text _builder_version=&#8221;4.27.5&#8243; _module_preset=&#8221;default&#8221; text_text_color=&#8221;#FFFFFF&#8221; global_colors_info=&#8221;{}&#8221;]<\/p>\n<h3>Directions<\/h3>\n<p>Grimeton 72<br \/>SE-432 98 Grimeton<\/p>\n<p><a href=\"https:\/\/www.google.com\/maps\/place\/World+Heritage+Grimeton+Radio+Station\/@57.11315,12.4029579,17z\/data=!3m1!4b1!4m5!3m4!1s0x46502c2f27010177:0xe4efb64870122852!8m2!3d57.11315!4d12.4051519\" target=\"_blank\" rel=\"noopener\">Directions in Google Maps<\/a><\/p>\n<p>The six antenna towers of the Grimeton World Heritage Site are clearly visible as you approach your destination.<\/p>\n<p><strong>From E6:<\/strong> Take exit 53 from the south or 54 from the north. From the exits, follow the signs for &#8220;Radiostationen Grimeton&#8221;. <\/p>\n<p><strong>From Varberg or V\u00e4rnamo (Ullared):<\/strong> Follow road 153 towards V\u00e4rnamo or Varberg. As you approach your destination, you will see brown signs for &#8220;Radiostationen Grimeton&#8221;; follow these signs.  <\/p>\n<h3>By public transport<\/h3>\n<p>From Varberg by bus 661. Grimeton Radio Station stop. <a href=\"https:\/\/www.hallandstrafiken.se\/reseplaneraren\">Hallandstrafiken Timetable<\/a><\/p>\n<p>[\/et_pb_text][\/et_pb_column][et_pb_column type=&#8221;1_2&#8243; _builder_version=&#8221;4.27.5&#8243; _module_preset=&#8221;default&#8221; global_colors_info=&#8221;{}&#8221;][et_pb_image src=&#8221;https:\/\/grimeton.org\/wp-content\/uploads\/2026\/02\/A\u2560ekturen_Bokskogen-scaled-1.jpg&#8221; title_text=&#8221;The_Trip_Bokskogen-scaled 1&#8243; _builder_version=&#8221;4.27.5&#8243; _module_preset=&#8221;default&#8221; custom_margin=&#8221;||20px||false|false&#8221; global_colors_info=&#8221;{}&#8221;][\/et_pb_image][et_pb_text _builder_version=&#8221;4.27.5&#8243; _module_preset=&#8221;default&#8221; text_text_color=&#8221;#FFFFFF&#8221; global_colors_info=&#8221;{}&#8221;]<\/p>\n<h3>Travel sustainably with The Trip<\/h3>\n<p>During the summer months, you have the opportunity to take The Trip bus from Varberg directly into nature. Do nature a favor and give yourself a peaceful journey instead of taking the car. <\/p>\n<h4>When does the bus run?<\/h4>\n<p>On Hallandstrafiken&#8217;s website, you&#8217;ll find the Travel Planner where you can see all routes for The Trip. Download the app and come! <\/p>\n<h4>A great collaboration<\/h4>\n<p>The Trip is a great collaboration between Varberg Municipality, Hallandstrafiken, the County Administrative Board, and attractions in the municipality&#8217;s inland. You can reach \u00c4stad Vineyard, \u00d6str\u00f6\u00f6 Sheep Farm, the scenic hiking trails, and more. Read more about The Trip.[\/et_pb_text][\/et_pb_column][\/et_pb_row][\/et_pb_section][et_pb_section fb_built=&#8221;1&#8243; _builder_version=&#8221;4.27.5&#8243; _module_preset=&#8221;default&#8221; background_color=&#8221;#551C13&#8243; custom_margin=&#8221;||10px||false|false&#8221; custom_padding=&#8221;100px||100px||true|false&#8221; custom_padding_tablet=&#8221;50px||50px||true|false&#8221; custom_padding_phone=&#8221;30px||30px||true|false&#8221; global_colors_info=&#8221;{}&#8221;][et_pb_row gutter_width=&#8221;2&#8243; _builder_version=&#8221;4.27.5&#8243; _module_preset=&#8221;cca34f8d-53f9-4343-9e3e-e35b41b2c081&#8243; max_width=&#8221;1000px&#8221; global_colors_info=&#8221;{}&#8221;][et_pb_column type=&#8221;4_4&#8243; _builder_version=&#8221;4.17.0&#8243; _module_preset=&#8221;default&#8221; global_colors_info=&#8221;{}&#8221;][et_pb_image src=&#8221;https:\/\/grimeton.org\/wp-content\/uploads\/2024\/06\/visitvarberg-appen.gif&#8221; title_text=&#8221;visitvarberg-app&#8221; _builder_version=&#8221;4.27.5&#8243; _module_preset=&#8221;default&#8221; custom_margin=&#8221;||||false|false&#8221; custom_margin_tablet=&#8221;||20px||false|false&#8221; custom_margin_phone=&#8221;||20px||false|false&#8221; custom_margin_last_edited=&#8221;on|tablet&#8221; custom_padding=&#8221;||||false|false&#8221; global_colors_info=&#8221;{}&#8221;][\/et_pb_image][et_pb_text _builder_version=&#8221;4.27.5&#8243; _module_preset=&#8221;default&#8221; text_text_color=&#8221;#FFFFFF&#8221; global_colors_info=&#8221;{}&#8221;]<\/p>\n<h2>Cycle along the World Heritage Route<\/h2>\n<p><strong>The VisitVarberg app makes it easy for you to experience Varberg municipality by bike. It features several wonderful cycling routes, one of which is a pleasant ride from Varberg out to the Grimeton World Heritage Site. <\/strong><\/p>\n<p>Cycle safely and securely and enjoy climate-smart travel!<\/p>\n<p>[\/et_pb_text][et_pb_button button_url=&#8221;https:\/\/visitvarberg.se\/uppleva\/visit-varberg-appen&#8221; button_text=&#8221;Read and download the app&#8221; _builder_version=&#8221;4.25.1&#8243; _module_preset=&#8221;default&#8221; global_colors_info=&#8221;{}&#8221;][\/et_pb_button][\/et_pb_column][\/et_pb_row][\/et_pb_section]<\/p>\n","protected":false},"excerpt":{"rendered":"<p>Contactinfo@grimeton.org +46 (0) 340 67 41 90Grimeton 72SE-432 98 Grimeton Directions (google maps) Coordinates: 57.11317, 12.40526Longwave: SAQ 17.2 kHzHow to get hereDirections Grimeton 72SE-432 98 Grimeton Directions in Google Maps The six antenna towers of the Grimeton World Heritage Site are clearly visible as you approach your destination. From E6: Take exit 53 from the [&hellip;]<\/p>\n","protected":false},"author":1,"featured_media":0,"parent":0,"menu_order":0,"comment_status":"closed","ping_status":"closed","template":"","meta":{"_et_pb_use_builder":"on","_et_pb_old_content":"","_et_gb_content_width":"","inline_featured_image":false,"footnotes":""},"class_list":["post-929","page","type-page","status-publish","hentry"],"_links":{"self":[{"href":"https:\/\/grimeton.org\/en\/wp-json\/wp\/v2\/pages\/929","targetHints":{"allow":["GET"]}}],"collection":[{"href":"https:\/\/grimeton.org\/en\/wp-json\/wp\/v2\/pages"}],"about":[{"href":"https:\/\/grimeton.org\/en\/wp-json\/wp\/v2\/types\/page"}],"author":[{"embeddable":true,"href":"https:\/\/grimeton.org\/en\/wp-json\/wp\/v2\/users\/1"}],"replies":[{"embeddable":true,"href":"https:\/\/grimeton.org\/en\/wp-json\/wp\/v2\/comments?post=929"}],"version-history":[{"count":19,"href":"https:\/\/grimeton.org\/en\/wp-json\/wp\/v2\/pages\/929\/revisions"}],"predecessor-version":[{"id":7767,"href":"https:\/\/grimeton.org\/en\/wp-json\/wp\/v2\/pages\/929\/revisions\/7767"}],"wp:attachment":[{"href":"https:\/\/grimeton.org\/en\/wp-json\/wp\/v2\/media?parent=929"}],"curies":[{"name":"wp","href":"https:\/\/api.w.org\/{rel}","templated":true}]}}